{"id":17610,"date":"2020-10-01T11:53:03","date_gmt":"2020-10-01T15:53:03","guid":{"rendered":"https:\/\/www.xnquebec.co\/notre-mission\/"},"modified":"2026-04-14T11:11:37","modified_gmt":"2026-04-14T15:11:37","slug":"about","status":"publish","type":"page","link":"https:\/\/www.xnquebec.co\/en\/about\/","title":{"rendered":"About"},"content":{"rendered":"\n<div class=\"wp-block-group alignwide xn-pattern-intro-split\" data-block-type=\"core\"><div class=\"wp-block-group__inner-container is-layout-flow wp-block-group-is-layout-flow\">\n<div class=\"wp-block-columns are-vertically-aligned-top xn-pattern-intro-split__columns is-layout-flex wp-container-core-columns-is-layout-9d6595d7 wp-block-columns-is-layout-flex\" data-block-type=\"core\">\n<div class=\"wp-block-column is-vertically-aligned-top xn-pattern-intro-split__content is-layout-flow wp-block-column-is-layout-flow\" style=\"flex-basis:50%\" data-block-type=\"core\">\n<h1 class=\"wp-block-heading xn-pattern-intro-split__title\" data-block-type=\"core\">\u00c0 PROPOS<\/h1>\n\n\n\n<p class=\"xn-pattern-intro-split__lead\">Xn Qu\u00e9bec supports the producers of Qu\u00e9bec\u2019s digital creativity in achieving responsible industry growth<\/p>\n\n\n\n<p class=\"xn-pattern-intro-split__body\">We are committed to promoting the community\u2019s interests with governments and other strategic stakeholders. We aim to create the right conditions for our members to attain their full innovation, cultural, and economic potential through tangible and positive results. In its role as a driver of positive development, Xn Qu\u00e9bec is proud to promote the culture of excellence that characterizes the industry locally, nationally, and internationally.<\/p>\n<\/div>\n\n\n\n<div class=\"wp-block-column is-vertically-aligned-top xn-pattern-intro-split__media is-layout-flow wp-block-column-is-layout-flow\" style=\"flex-basis:50%\" data-block-type=\"core\">\n<figure class=\"wp-block-image size-large xn-pattern-intro-split__image\" data-block-type=\"core\"><img decoding=\"async\" src=\"\/wp-content\/themes\/th-xn-refonte\/img\/xn-img-01.jpg\" alt=\"Xn Quebec\"\/><\/figure>\n<\/div>\n<\/div>\n<\/div><\/div>\n\n\n\n<div class=\"wp-block-group alignwide xn-pattern-gray-panel\" data-block-type=\"core\"><div class=\"wp-block-group__inner-container is-layout-flow wp-block-group-is-layout-flow\">\n<h2 class=\"wp-block-heading xn-pattern-gray-panel__title\" data-block-type=\"core\">What we do<\/h2>\n\n\n\n<ul class=\"wp-block-list\" data-block-type=\"core\">\n<li data-block-type=\"core\">Xn Qu\u00e9bec fulfils its mission through:<\/li>\n\n\n\n<li data-block-type=\"core\">Creating and holding key events (showcases, competitions, company tours, discussion forums, hosting international delegations, co-creation days, conferences, networking events, and much else)<\/li>\n\n\n\n<li data-block-type=\"core\">Advocacy with public and political institutions<\/li>\n\n\n\n<li data-block-type=\"core\">Strategic intelligence and the production of studies and consultation briefs on digital creativity in Qu\u00e9bec<\/li>\n\n\n\n<li data-block-type=\"core\">Providing members with targeted and enabling services<\/li>\n\n\n\n<li data-block-type=\"core\">Producing original content about Qu\u00e9bec digital entrepreneurs<\/li>\n\n\n\n<li data-block-type=\"core\">Supporting members\u2019 international activities through L\u2019Effet Qu\u00e9bec, an export-expertise hub<\/li>\n<\/ul>\n\n\n\n<h2 class=\"wp-block-heading\" data-block-type=\"core\">Our priorities<\/h2>\n\n\n\n<ul class=\"wp-block-list\" data-block-type=\"core\">\n<li data-block-type=\"core\">Improve funding sources and tools for our members, thereby contributing to the development of Qu\u00e9bec intellectual property<\/li>\n\n\n\n<li data-block-type=\"core\">Put forward and implement solutions to improve the visibility of artists and art works<\/li>\n\n\n\n<li data-block-type=\"core\">Encourage networking, synergies, resource-sharing, and collaboration among the various digital-creativity sectors<\/li>\n\n\n\n<li data-block-type=\"core\">Provide the sector with better business intelligence<\/li>\n\n\n\n<li data-block-type=\"core\">Position Qu\u00e9bec as a key player in global markets<\/li>\n\n\n\n<li data-block-type=\"core\">Foster the structuring and growth of a sustainable, agile, and resilient industry<\/li>\n<\/ul>\n<\/div><\/div>\n\n\n\n<div class=\"wp-block-group alignwide xn-pattern-blue-panel\" data-block-type=\"core\"><div class=\"wp-block-group__inner-container is-layout-flow wp-block-group-is-layout-flow\">\n<h2 class=\"wp-block-heading xn-pattern-blue-panel__title\" data-block-type=\"core\">Who are Xn Qu\u00e9bec members?<\/h2>\n\n\n\n<p>Xn Qu\u00e9bec members draw on technology as a raw material to create creative tech projects that often mesh multiple artistic pursuits. Their productions are designed for new venues, often going beyond the screen and traditional distribution models. Our members are mainly studios and professionals working in the production of digital experiences. They:<\/p>\n\n\n\n<ul class=\"wp-block-list\" data-block-type=\"core\">\n<li data-block-type=\"core\">Produce podcasts, web series, mobile applications, interactive web content, and web documentaries<\/li>\n\n\n\n<li data-block-type=\"core\">Design edutainment applications, interactive digital books, and virtual education platforms<\/li>\n\n\n\n<li data-block-type=\"core\">Express themselves through digital art, video mapping, and virtual, augmented or mixed reality<\/li>\n\n\n\n<li data-block-type=\"core\">Create interactive set designs, museum installations, multimedia stage productions, public, and immersive or 360\u00b0 installations<\/li>\n\n\n\n<li data-block-type=\"core\">Excel in audio post-production, 2D and 3D motion design, and audio\/360 spatialization<\/li>\n\n\n\n<li data-block-type=\"core\">Are true innovators in robotics and artificial intelligence<\/li>\n\n\n\n<li data-block-type=\"core\">While their practices are varied, what they have in common is the creativity, thirst for innovation, and agility that characterize a sector undergoing constant transformation.<\/li>\n<\/ul>\n\n\n\n<div class=\"wp-block-buttons xn-pattern-button-green is-layout-flex wp-block-buttons-is-layout-flex\" data-block-type=\"core\">\n<div class=\"wp-block-button is-style-xn-brand\" data-block-type=\"core\"><a class=\"wp-block-button__link wp-element-button\" href=\"https:\/\/www.xnquebec.co\/en\/member-directory\/\">LEARN MORE<\/a><\/div>\n<\/div>\n<\/div><\/div>\n","protected":false},"excerpt":{"rendered":"\u00c0 PROPOS Xn Qu\u00e9bec supports the producers of Qu\u00e9bec\u2019s digital creativity in achieving responsible industry growth We are committed to promoting the community\u2019s interests with governments and other strategic stakeholders. We aim to create the right conditions for our members to attain their full innovation, cultural, and economic potential through tangible and positive results. In&#8230; <a class=\"view-article\" href=\"https:\/\/www.xnquebec.co\/en\/about\/\">View Article<\/a>","protected":false},"author":1,"featured_media":0,"parent":0,"menu_order":0,"comment_status":"closed","ping_status":"closed","template":"","meta":{"_acf_changed":false,"inline_featured_image":false,"footnotes":""},"class_list":["post-17610","page","type-page","status-publish","hentry"],"acf":[],"featured_image_urls_v2":{"full":"","thumbnail":"","medium":"","medium_large":"","large":"","1536x1536":"","2048x2048":"","small":"","custom-size":"","logos-membres-a":"","gform-image-choice-sm":"","gform-image-choice-md":"","gform-image-choice-lg":""},"post_excerpt_stackable_v2":"\u00c0 PROPOS Xn Qu\u00e9bec supports the producers of Qu\u00e9bec\u2019s digital creativity in achieving responsible industry growth We are committed to promoting the community\u2019s interests with governments and other strategic stakeholders. We aim to create the right conditions for our members to attain their full innovation, cultural, and economic potential through tangible and positive results. In its role as a driver of positive development, Xn Qu\u00e9bec is proud to promote the culture of excellence that characterizes the industry locally, nationally, and internationally. What we do Xn Qu\u00e9bec fulfils its mission through: Creating and holding key events (showcases, competitions, company tours, discussion&hellip;","category_list_v2":"","author_info_v2":{"name":"machine","url":"https:\/\/www.xnquebec.co\/en\/author\/machine\/"},"comments_num_v2":"0 comments","yoast_head":"<!-- This site is optimized with the Yoast SEO plugin v27.5 - https:\/\/yoast.com\/product\/yoast-seo-wordpress\/ -->\n<title>About - XN Qu\u00e9bec<\/title>\n<meta name=\"description\" content=\"Xn Qu\u00e9bec supports the producers of Qu\u00e9bec\u2019s digital creativity in achieving responsible industry growth.\" \/>\n<meta name=\"robots\" content=\"index, follow, max-snippet:-1, max-image-preview:large, max-video-preview:-1\" \/>\n<link rel=\"canonical\" href=\"https:\/\/www.xnquebec.co\/en\/about\/\" \/>\n<meta property=\"og:locale\" content=\"en_US\" \/>\n<meta property=\"og:type\" content=\"article\" \/>\n<meta property=\"og:title\" content=\"About - XN Qu\u00e9bec\" \/>\n<meta property=\"og:description\" content=\"Xn Qu\u00e9bec supports the producers of Qu\u00e9bec\u2019s digital creativity in achieving responsible industry growth.\" \/>\n<meta property=\"og:url\" content=\"https:\/\/www.xnquebec.co\/en\/about\/\" \/>\n<meta property=\"og:site_name\" content=\"XN Qu\u00e9bec\" \/>\n<meta property=\"article:publisher\" content=\"https:\/\/www.facebook.com\/XnQuebec\/\" \/>\n<meta property=\"article:modified_time\" content=\"2026-04-14T15:11:37+00:00\" \/>\n<meta property=\"og:image\" content=\"https:\/\/www.xnquebec.co\/wp-content\/uploads\/2018\/05\/xn-quebec-logg-fb.jpg\" \/>\n\t<meta property=\"og:image:width\" content=\"1200\" \/>\n\t<meta property=\"og:image:height\" content=\"630\" \/>\n\t<meta property=\"og:image:type\" content=\"image\/jpeg\" \/>\n<meta name=\"twitter:label1\" content=\"Est. reading time\" \/>\n\t<meta name=\"twitter:data1\" content=\"2 minutes\" \/>\n<script type=\"application\/ld+json\" class=\"yoast-schema-graph\">{\"@context\":\"https:\\\/\\\/schema.org\",\"@graph\":[{\"@type\":\"WebPage\",\"@id\":\"https:\\\/\\\/www.xnquebec.co\\\/en\\\/about\\\/\",\"url\":\"https:\\\/\\\/www.xnquebec.co\\\/en\\\/about\\\/\",\"name\":\"About - XN Qu\u00e9bec\",\"isPartOf\":{\"@id\":\"https:\\\/\\\/www.xnquebec.co\\\/#website\"},\"datePublished\":\"2020-10-01T15:53:03+00:00\",\"dateModified\":\"2026-04-14T15:11:37+00:00\",\"description\":\"Xn Qu\u00e9bec supports the producers of Qu\u00e9bec\u2019s digital creativity in achieving responsible industry growth.\",\"breadcrumb\":{\"@id\":\"https:\\\/\\\/www.xnquebec.co\\\/en\\\/about\\\/#breadcrumb\"},\"inLanguage\":\"en-CA\",\"potentialAction\":[{\"@type\":\"ReadAction\",\"target\":[\"https:\\\/\\\/www.xnquebec.co\\\/en\\\/about\\\/\"]}]},{\"@type\":\"BreadcrumbList\",\"@id\":\"https:\\\/\\\/www.xnquebec.co\\\/en\\\/about\\\/#breadcrumb\",\"itemListElement\":[{\"@type\":\"ListItem\",\"position\":1,\"name\":\"Accueil\",\"item\":\"https:\\\/\\\/www.xnquebec.co\\\/en\\\/\"},{\"@type\":\"ListItem\",\"position\":2,\"name\":\"About\"}]},{\"@type\":\"WebSite\",\"@id\":\"https:\\\/\\\/www.xnquebec.co\\\/#website\",\"url\":\"https:\\\/\\\/www.xnquebec.co\\\/\",\"name\":\"XN Qu\u00e9bec\",\"description\":\"L\u2019association des producteur.rice.s d\u2019exp\u00e9riences num\u00e9riques\",\"publisher\":{\"@id\":\"https:\\\/\\\/www.xnquebec.co\\\/#organization\"},\"potentialAction\":[{\"@type\":\"SearchAction\",\"target\":{\"@type\":\"EntryPoint\",\"urlTemplate\":\"https:\\\/\\\/www.xnquebec.co\\\/?s={search_term_string}\"},\"query-input\":{\"@type\":\"PropertyValueSpecification\",\"valueRequired\":true,\"valueName\":\"search_term_string\"}}],\"inLanguage\":\"en-CA\"},{\"@type\":\"Organization\",\"@id\":\"https:\\\/\\\/www.xnquebec.co\\\/#organization\",\"name\":\"Xn Qu\u00e9bec\",\"url\":\"https:\\\/\\\/www.xnquebec.co\\\/\",\"logo\":{\"@type\":\"ImageObject\",\"inLanguage\":\"en-CA\",\"@id\":\"https:\\\/\\\/www.xnquebec.co\\\/#\\\/schema\\\/logo\\\/image\\\/\",\"url\":\"https:\\\/\\\/www.xnquebec.co\\\/wp-content\\\/uploads\\\/2026\\\/04\\\/XNQuebec.Logo_.RGB_.Bleu_.png\",\"contentUrl\":\"https:\\\/\\\/www.xnquebec.co\\\/wp-content\\\/uploads\\\/2026\\\/04\\\/XNQuebec.Logo_.RGB_.Bleu_.png\",\"width\":5759,\"height\":1444,\"caption\":\"Xn Qu\u00e9bec\"},\"image\":{\"@id\":\"https:\\\/\\\/www.xnquebec.co\\\/#\\\/schema\\\/logo\\\/image\\\/\"},\"sameAs\":[\"https:\\\/\\\/www.facebook.com\\\/XnQuebec\\\/\",\"https:\\\/\\\/x.com\\\/xnquebec\",\"https:\\\/\\\/www.instagram.com\\\/xnquebec\\\/\",\"https:\\\/\\\/www.linkedin.com\\\/company\\\/xnquebec\\\/\"]}]}<\/script>\n<!-- \/ Yoast SEO plugin. -->","yoast_head_json":{"title":"About - XN Qu\u00e9bec","description":"Xn Qu\u00e9bec supports the producers of Qu\u00e9bec\u2019s digital creativity in achieving responsible industry growth.","robots":{"index":"index","follow":"follow","max-snippet":"max-snippet:-1","max-image-preview":"max-image-preview:large","max-video-preview":"max-video-preview:-1"},"canonical":"https:\/\/www.xnquebec.co\/en\/about\/","og_locale":"en_US","og_type":"article","og_title":"About - XN Qu\u00e9bec","og_description":"Xn Qu\u00e9bec supports the producers of Qu\u00e9bec\u2019s digital creativity in achieving responsible industry growth.","og_url":"https:\/\/www.xnquebec.co\/en\/about\/","og_site_name":"XN Qu\u00e9bec","article_publisher":"https:\/\/www.facebook.com\/XnQuebec\/","article_modified_time":"2026-04-14T15:11:37+00:00","og_image":[{"width":1200,"height":630,"url":"https:\/\/www.xnquebec.co\/wp-content\/uploads\/2018\/05\/xn-quebec-logg-fb.jpg","type":"image\/jpeg"}],"twitter_misc":{"Est. reading time":"2 minutes"},"schema":{"@context":"https:\/\/schema.org","@graph":[{"@type":"WebPage","@id":"https:\/\/www.xnquebec.co\/en\/about\/","url":"https:\/\/www.xnquebec.co\/en\/about\/","name":"About - XN Qu\u00e9bec","isPartOf":{"@id":"https:\/\/www.xnquebec.co\/#website"},"datePublished":"2020-10-01T15:53:03+00:00","dateModified":"2026-04-14T15:11:37+00:00","description":"Xn Qu\u00e9bec supports the producers of Qu\u00e9bec\u2019s digital creativity in achieving responsible industry growth.","breadcrumb":{"@id":"https:\/\/www.xnquebec.co\/en\/about\/#breadcrumb"},"inLanguage":"en-CA","potentialAction":[{"@type":"ReadAction","target":["https:\/\/www.xnquebec.co\/en\/about\/"]}]},{"@type":"BreadcrumbList","@id":"https:\/\/www.xnquebec.co\/en\/about\/#breadcrumb","itemListElement":[{"@type":"ListItem","position":1,"name":"Accueil","item":"https:\/\/www.xnquebec.co\/en\/"},{"@type":"ListItem","position":2,"name":"About"}]},{"@type":"WebSite","@id":"https:\/\/www.xnquebec.co\/#website","url":"https:\/\/www.xnquebec.co\/","name":"XN Qu\u00e9bec","description":"L\u2019association des producteur.rice.s d\u2019exp\u00e9riences num\u00e9riques","publisher":{"@id":"https:\/\/www.xnquebec.co\/#organization"},"potentialAction":[{"@type":"SearchAction","target":{"@type":"EntryPoint","urlTemplate":"https:\/\/www.xnquebec.co\/?s={search_term_string}"},"query-input":{"@type":"PropertyValueSpecification","valueRequired":true,"valueName":"search_term_string"}}],"inLanguage":"en-CA"},{"@type":"Organization","@id":"https:\/\/www.xnquebec.co\/#organization","name":"Xn Qu\u00e9bec","url":"https:\/\/www.xnquebec.co\/","logo":{"@type":"ImageObject","inLanguage":"en-CA","@id":"https:\/\/www.xnquebec.co\/#\/schema\/logo\/image\/","url":"https:\/\/www.xnquebec.co\/wp-content\/uploads\/2026\/04\/XNQuebec.Logo_.RGB_.Bleu_.png","contentUrl":"https:\/\/www.xnquebec.co\/wp-content\/uploads\/2026\/04\/XNQuebec.Logo_.RGB_.Bleu_.png","width":5759,"height":1444,"caption":"Xn Qu\u00e9bec"},"image":{"@id":"https:\/\/www.xnquebec.co\/#\/schema\/logo\/image\/"},"sameAs":["https:\/\/www.facebook.com\/XnQuebec\/","https:\/\/x.com\/xnquebec","https:\/\/www.instagram.com\/xnquebec\/","https:\/\/www.linkedin.com\/company\/xnquebec\/"]}]}},"_links":{"self":[{"href":"https:\/\/www.xnquebec.co\/en\/wp-json\/wp\/v2\/pages\/17610","targetHints":{"allow":["GET"]}}],"collection":[{"href":"https:\/\/www.xnquebec.co\/en\/wp-json\/wp\/v2\/pages"}],"about":[{"href":"https:\/\/www.xnquebec.co\/en\/wp-json\/wp\/v2\/types\/page"}],"author":[{"embeddable":true,"href":"https:\/\/www.xnquebec.co\/en\/wp-json\/wp\/v2\/users\/1"}],"replies":[{"embeddable":true,"href":"https:\/\/www.xnquebec.co\/en\/wp-json\/wp\/v2\/comments?post=17610"}],"version-history":[{"count":1,"href":"https:\/\/www.xnquebec.co\/en\/wp-json\/wp\/v2\/pages\/17610\/revisions"}],"predecessor-version":[{"id":22168,"href":"https:\/\/www.xnquebec.co\/en\/wp-json\/wp\/v2\/pages\/17610\/revisions\/22168"}],"wp:attachment":[{"href":"https:\/\/www.xnquebec.co\/en\/wp-json\/wp\/v2\/media?parent=17610"}],"curies":[{"name":"wp","href":"https:\/\/api.w.org\/{rel}","templated":true}]}}