{"id":2904,"date":"2023-01-05T16:14:00","date_gmt":"2023-01-05T21:14:00","guid":{"rendered":"https:\/\/www.xnquebec.co\/nous-joindre\/"},"modified":"2026-04-14T11:16:19","modified_gmt":"2026-04-14T15:16:19","slug":"team","status":"publish","type":"page","link":"https:\/\/www.xnquebec.co\/en\/team\/","title":{"rendered":"Team"},"content":{"rendered":"<p data-block-type=\"core\">               <div class=\"row xn-contact-grid\">\n                            \n                <div class=\"col s12 m6 l4\">\n                    <article class=\"xn-contact-card\">\n                                                    <div class=\"xn-contact-card__media\">\n                                <img decoding=\"async\"\n                                    class=\"xn-contact-card__image\"\n                                    src=\"https:\/\/www.xnquebec.co\/wp-content\/uploads\/2024\/02\/jeanne-dompierre-500x-625x.jpg\"\n                                    alt=\"Jeanne Dompierre\"\n                                    title=\"Jeanne Dompierre\"\n                                >\n                            <\/div>\n                        \n                        <div class=\"xn-contact-card__body\">\n                                                            <h3 class=\"xn-contact-card__name\">Jeanne Dompierre<\/h3>\n                            \n                                                            <p class=\"xn-contact-card__role\">Executive Director<\/p>\n                            \n                                                    <\/div>\n                    <\/article>\n                <\/div>\n                            \n                <div class=\"col s12 m6 l4\">\n                    <article class=\"xn-contact-card\">\n                                                    <div class=\"xn-contact-card__media\">\n                                <img decoding=\"async\"\n                                    class=\"xn-contact-card__image\"\n                                    src=\"https:\/\/www.xnquebec.co\/wp-content\/uploads\/2025\/02\/Annick-500x625-1.png\"\n                                    alt=\"Annick C\u00f4t\u00e9\"\n                                    title=\"Annick C\u00f4t\u00e9\"\n                                >\n                            <\/div>\n                        \n                        <div class=\"xn-contact-card__body\">\n                                                            <h3 class=\"xn-contact-card__name\">Annick C\u00f4t\u00e9<\/h3>\n                            \n                                                            <p class=\"xn-contact-card__role\">Head of Administration and Finance<\/p>\n                            \n                                                    <\/div>\n                    <\/article>\n                <\/div>\n                            \n                <div class=\"col s12 m6 l4\">\n                    <article class=\"xn-contact-card\">\n                                                    <div class=\"xn-contact-card__media\">\n                                <img decoding=\"async\"\n                                    class=\"xn-contact-card__image\"\n                                    src=\"https:\/\/www.xnquebec.co\/wp-content\/uploads\/2025\/03\/gabrielle-web-500-x-625-px.png\"\n                                    alt=\"Gabrielle Sigmen Mercier\"\n                                    title=\"Gabrielle Sigmen Mercier\"\n                                >\n                            <\/div>\n                        \n                        <div class=\"xn-contact-card__body\">\n                                                            <h3 class=\"xn-contact-card__name\">Gabrielle Sigmen Mercier<\/h3>\n                            \n                                                            <p class=\"xn-contact-card__role\">Partnerships, Funding and Member Benefits Advisor<\/p>\n                            \n                                                    <\/div>\n                    <\/article>\n                <\/div>\n                            \n                <div class=\"col s12 m6 l4\">\n                    <article class=\"xn-contact-card\">\n                                                    <div class=\"xn-contact-card__media\">\n                                <img decoding=\"async\"\n                                    class=\"xn-contact-card__image\"\n                                    src=\"https:\/\/www.xnquebec.co\/wp-content\/uploads\/2025\/02\/Juliette-500x625-1.png\"\n                                    alt=\"Juliette Pierre\"\n                                    title=\"Juliette Pierre\"\n                                >\n                            <\/div>\n                        \n                        <div class=\"xn-contact-card__body\">\n                                                            <h3 class=\"xn-contact-card__name\">Juliette Pierre<\/h3>\n                            \n                                                            <p class=\"xn-contact-card__role\">NUMIX Project Manager<\/p>\n                            \n                                                    <\/div>\n                    <\/article>\n                <\/div>\n                            \n                <div class=\"col s12 m6 l4\">\n                    <article class=\"xn-contact-card\">\n                                                    <div class=\"xn-contact-card__media\">\n                                <img decoding=\"async\"\n                                    class=\"xn-contact-card__image\"\n                                    src=\"https:\/\/www.xnquebec.co\/wp-content\/uploads\/2025\/02\/David-500x625-1.png\"\n                                    alt=\"David Lamarre\"\n                                    title=\"David Lamarre\"\n                                >\n                            <\/div>\n                        \n                        <div class=\"xn-contact-card__body\">\n                                                            <h3 class=\"xn-contact-card__name\">David Lamarre<\/h3>\n                            \n                                                            <p class=\"xn-contact-card__role\">Digital Cultural Development Officer<\/p>\n                            \n                                                    <\/div>\n                    <\/article>\n                <\/div>\n                            \n                <div class=\"col s12 m6 l4\">\n                    <article class=\"xn-contact-card\">\n                                                    <div class=\"xn-contact-card__media\">\n                                <img decoding=\"async\"\n                                    class=\"xn-contact-card__image\"\n                                    src=\"https:\/\/www.xnquebec.co\/wp-content\/uploads\/2025\/02\/Sara-500x625-1.png\"\n                                    alt=\"Sara Cruz Romero\"\n                                    title=\"Sara Cruz Romero\"\n                                >\n                            <\/div>\n                        \n                        <div class=\"xn-contact-card__body\">\n                                                            <h3 class=\"xn-contact-card__name\">Sara Cruz Romero<\/h3>\n                            \n                                                            <p class=\"xn-contact-card__role\">Communications and Marketing Advisor<\/p>\n                            \n                                                    <\/div>\n                    <\/article>\n                <\/div>\n                            \n                <div class=\"col s12 m6 l4\">\n                    <article class=\"xn-contact-card\">\n                                                    <div class=\"xn-contact-card__media\">\n                                <img decoding=\"async\"\n                                    class=\"xn-contact-card__image\"\n                                    src=\"https:\/\/www.xnquebec.co\/wp-content\/uploads\/2025\/02\/Sandra-500x625-1.png\"\n                                    alt=\"Sandra Felteau\"\n                                    title=\"Sandra Felteau\"\n                                >\n                            <\/div>\n                        \n                        <div class=\"xn-contact-card__body\">\n                                                            <h3 class=\"xn-contact-card__name\">Sandra Felteau<\/h3>\n                            \n                                                            <p class=\"xn-contact-card__role\">Advisor, Development and International Partnerships<\/p>\n                            \n                                                    <\/div>\n                    <\/article>\n                <\/div>\n                            \n                <div class=\"col s12 m6 l4\">\n                    <article class=\"xn-contact-card\">\n                                                    <div class=\"xn-contact-card__media\">\n                                <img decoding=\"async\"\n                                    class=\"xn-contact-card__image\"\n                                    src=\"https:\/\/www.xnquebec.co\/wp-content\/uploads\/2026\/01\/Lola-xn-500.jpg\"\n                                    alt=\"Lola Tritant\"\n                                    title=\"Lola Tritant\"\n                                >\n                            <\/div>\n                        \n                        <div class=\"xn-contact-card__body\">\n                                                            <h3 class=\"xn-contact-card__name\">Lola Tritant<\/h3>\n                            \n                                                            <p class=\"xn-contact-card__role\">Coordinator, Communications and Events<\/p>\n                            \n                                                    <\/div>\n                    <\/article>\n                <\/div>\n                          <\/div> <!-- row -->\n <\/p>\n","protected":false},"excerpt":{"rendered":"","protected":false},"author":1,"featured_media":0,"parent":0,"menu_order":0,"comment_status":"closed","ping_status":"closed","template":"template-nous-joindre.php","meta":{"_acf_changed":false,"inline_featured_image":false,"footnotes":""},"class_list":["post-2904","page","type-page","status-publish","hentry"],"acf":[],"featured_image_urls_v2":{"full":"","thumbnail":"","medium":"","medium_large":"","large":"","1536x1536":"","2048x2048":"","small":"","custom-size":"","logos-membres-a":"","gform-image-choice-sm":"","gform-image-choice-md":"","gform-image-choice-lg":""},"post_excerpt_stackable_v2":"Jeanne Dompierre Executive Director Annick C\u00f4t\u00e9 Head of Administration and Finance Gabrielle Sigmen Mercier Partnerships, Funding and Member Benefits Advisor Juliette Pierre NUMIX Project Manager David Lamarre Digital Cultural Development Officer Sara Cruz Romero Communications and Marketing Advisor Sandra Felteau Advisor, Development and International Partnerships Lola Tritant Coordinator, Communications and Events","category_list_v2":"","author_info_v2":{"name":"machine","url":"https:\/\/www.xnquebec.co\/en\/author\/machine\/"},"comments_num_v2":"0 comments","yoast_head":"<!-- This site is optimized with the Yoast SEO plugin v27.5 - https:\/\/yoast.com\/product\/yoast-seo-wordpress\/ -->\n<title>Team - Xn Qu\u00e9bec<\/title>\n<meta name=\"description\" content=\"Get to know the team members at XN Quebec. Xn Qu\u00e9bec supports the producers of Qu\u00e9bec\u2019s digital creativity in achieving responsible industry growth.\" \/>\n<meta name=\"robots\" content=\"index, follow, max-snippet:-1, max-image-preview:large, max-video-preview:-1\" \/>\n<link rel=\"canonical\" href=\"https:\/\/www.xnquebec.co\/en\/team\/\" \/>\n<meta property=\"og:locale\" content=\"en_US\" \/>\n<meta property=\"og:type\" content=\"article\" \/>\n<meta property=\"og:title\" content=\"Team - Xn Qu\u00e9bec\" \/>\n<meta property=\"og:description\" content=\"Get to know the team members at XN Quebec. Xn Qu\u00e9bec supports the producers of Qu\u00e9bec\u2019s digital creativity in achieving responsible industry growth.\" \/>\n<meta property=\"og:url\" content=\"https:\/\/www.xnquebec.co\/en\/team\/\" \/>\n<meta property=\"og:site_name\" content=\"XN Qu\u00e9bec\" \/>\n<meta property=\"article:publisher\" content=\"https:\/\/www.facebook.com\/XnQuebec\/\" \/>\n<meta property=\"article:modified_time\" content=\"2026-04-14T15:16:19+00:00\" \/>\n<meta property=\"og:image\" content=\"https:\/\/www.xnquebec.co\/wp-content\/uploads\/2018\/05\/xn-quebec-logg-fb.jpg\" \/>\n\t<meta property=\"og:image:width\" content=\"1200\" \/>\n\t<meta property=\"og:image:height\" content=\"630\" \/>\n\t<meta property=\"og:image:type\" content=\"image\/jpeg\" \/>\n<meta name=\"twitter:label1\" content=\"Est. reading time\" \/>\n\t<meta name=\"twitter:data1\" content=\"1 minute\" \/>\n<script type=\"application\/ld+json\" class=\"yoast-schema-graph\">{\"@context\":\"https:\\\/\\\/schema.org\",\"@graph\":[{\"@type\":\"WebPage\",\"@id\":\"https:\\\/\\\/www.xnquebec.co\\\/en\\\/team\\\/\",\"url\":\"https:\\\/\\\/www.xnquebec.co\\\/en\\\/team\\\/\",\"name\":\"Team - Xn Qu\u00e9bec\",\"isPartOf\":{\"@id\":\"https:\\\/\\\/www.xnquebec.co\\\/#website\"},\"datePublished\":\"2023-01-05T21:14:00+00:00\",\"dateModified\":\"2026-04-14T15:16:19+00:00\",\"description\":\"Get to know the team members at XN Quebec. Xn Qu\u00e9bec supports the producers of Qu\u00e9bec\u2019s digital creativity in achieving responsible industry growth.\",\"breadcrumb\":{\"@id\":\"https:\\\/\\\/www.xnquebec.co\\\/en\\\/team\\\/#breadcrumb\"},\"inLanguage\":\"en-CA\",\"potentialAction\":[{\"@type\":\"ReadAction\",\"target\":[\"https:\\\/\\\/www.xnquebec.co\\\/en\\\/team\\\/\"]}]},{\"@type\":\"BreadcrumbList\",\"@id\":\"https:\\\/\\\/www.xnquebec.co\\\/en\\\/team\\\/#breadcrumb\",\"itemListElement\":[{\"@type\":\"ListItem\",\"position\":1,\"name\":\"Accueil\",\"item\":\"https:\\\/\\\/www.xnquebec.co\\\/en\\\/\"},{\"@type\":\"ListItem\",\"position\":2,\"name\":\"Team\"}]},{\"@type\":\"WebSite\",\"@id\":\"https:\\\/\\\/www.xnquebec.co\\\/#website\",\"url\":\"https:\\\/\\\/www.xnquebec.co\\\/\",\"name\":\"XN Qu\u00e9bec\",\"description\":\"L\u2019association des producteur.rice.s d\u2019exp\u00e9riences num\u00e9riques\",\"publisher\":{\"@id\":\"https:\\\/\\\/www.xnquebec.co\\\/#organization\"},\"potentialAction\":[{\"@type\":\"SearchAction\",\"target\":{\"@type\":\"EntryPoint\",\"urlTemplate\":\"https:\\\/\\\/www.xnquebec.co\\\/?s={search_term_string}\"},\"query-input\":{\"@type\":\"PropertyValueSpecification\",\"valueRequired\":true,\"valueName\":\"search_term_string\"}}],\"inLanguage\":\"en-CA\"},{\"@type\":\"Organization\",\"@id\":\"https:\\\/\\\/www.xnquebec.co\\\/#organization\",\"name\":\"Xn Qu\u00e9bec\",\"url\":\"https:\\\/\\\/www.xnquebec.co\\\/\",\"logo\":{\"@type\":\"ImageObject\",\"inLanguage\":\"en-CA\",\"@id\":\"https:\\\/\\\/www.xnquebec.co\\\/#\\\/schema\\\/logo\\\/image\\\/\",\"url\":\"https:\\\/\\\/www.xnquebec.co\\\/wp-content\\\/uploads\\\/2026\\\/04\\\/XNQuebec.Logo_.RGB_.Bleu_.png\",\"contentUrl\":\"https:\\\/\\\/www.xnquebec.co\\\/wp-content\\\/uploads\\\/2026\\\/04\\\/XNQuebec.Logo_.RGB_.Bleu_.png\",\"width\":5759,\"height\":1444,\"caption\":\"Xn Qu\u00e9bec\"},\"image\":{\"@id\":\"https:\\\/\\\/www.xnquebec.co\\\/#\\\/schema\\\/logo\\\/image\\\/\"},\"sameAs\":[\"https:\\\/\\\/www.facebook.com\\\/XnQuebec\\\/\",\"https:\\\/\\\/x.com\\\/xnquebec\",\"https:\\\/\\\/www.instagram.com\\\/xnquebec\\\/\",\"https:\\\/\\\/www.linkedin.com\\\/company\\\/xnquebec\\\/\"]}]}<\/script>\n<!-- \/ Yoast SEO plugin. -->","yoast_head_json":{"title":"Team - Xn Qu\u00e9bec","description":"Get to know the team members at XN Quebec. Xn Qu\u00e9bec supports the producers of Qu\u00e9bec\u2019s digital creativity in achieving responsible industry growth.","robots":{"index":"index","follow":"follow","max-snippet":"max-snippet:-1","max-image-preview":"max-image-preview:large","max-video-preview":"max-video-preview:-1"},"canonical":"https:\/\/www.xnquebec.co\/en\/team\/","og_locale":"en_US","og_type":"article","og_title":"Team - Xn Qu\u00e9bec","og_description":"Get to know the team members at XN Quebec. Xn Qu\u00e9bec supports the producers of Qu\u00e9bec\u2019s digital creativity in achieving responsible industry growth.","og_url":"https:\/\/www.xnquebec.co\/en\/team\/","og_site_name":"XN Qu\u00e9bec","article_publisher":"https:\/\/www.facebook.com\/XnQuebec\/","article_modified_time":"2026-04-14T15:16:19+00:00","og_image":[{"width":1200,"height":630,"url":"https:\/\/www.xnquebec.co\/wp-content\/uploads\/2018\/05\/xn-quebec-logg-fb.jpg","type":"image\/jpeg"}],"twitter_misc":{"Est. reading time":"1 minute"},"schema":{"@context":"https:\/\/schema.org","@graph":[{"@type":"WebPage","@id":"https:\/\/www.xnquebec.co\/en\/team\/","url":"https:\/\/www.xnquebec.co\/en\/team\/","name":"Team - Xn Qu\u00e9bec","isPartOf":{"@id":"https:\/\/www.xnquebec.co\/#website"},"datePublished":"2023-01-05T21:14:00+00:00","dateModified":"2026-04-14T15:16:19+00:00","description":"Get to know the team members at XN Quebec. Xn Qu\u00e9bec supports the producers of Qu\u00e9bec\u2019s digital creativity in achieving responsible industry growth.","breadcrumb":{"@id":"https:\/\/www.xnquebec.co\/en\/team\/#breadcrumb"},"inLanguage":"en-CA","potentialAction":[{"@type":"ReadAction","target":["https:\/\/www.xnquebec.co\/en\/team\/"]}]},{"@type":"BreadcrumbList","@id":"https:\/\/www.xnquebec.co\/en\/team\/#breadcrumb","itemListElement":[{"@type":"ListItem","position":1,"name":"Accueil","item":"https:\/\/www.xnquebec.co\/en\/"},{"@type":"ListItem","position":2,"name":"Team"}]},{"@type":"WebSite","@id":"https:\/\/www.xnquebec.co\/#website","url":"https:\/\/www.xnquebec.co\/","name":"XN Qu\u00e9bec","description":"L\u2019association des producteur.rice.s d\u2019exp\u00e9riences num\u00e9riques","publisher":{"@id":"https:\/\/www.xnquebec.co\/#organization"},"potentialAction":[{"@type":"SearchAction","target":{"@type":"EntryPoint","urlTemplate":"https:\/\/www.xnquebec.co\/?s={search_term_string}"},"query-input":{"@type":"PropertyValueSpecification","valueRequired":true,"valueName":"search_term_string"}}],"inLanguage":"en-CA"},{"@type":"Organization","@id":"https:\/\/www.xnquebec.co\/#organization","name":"Xn Qu\u00e9bec","url":"https:\/\/www.xnquebec.co\/","logo":{"@type":"ImageObject","inLanguage":"en-CA","@id":"https:\/\/www.xnquebec.co\/#\/schema\/logo\/image\/","url":"https:\/\/www.xnquebec.co\/wp-content\/uploads\/2026\/04\/XNQuebec.Logo_.RGB_.Bleu_.png","contentUrl":"https:\/\/www.xnquebec.co\/wp-content\/uploads\/2026\/04\/XNQuebec.Logo_.RGB_.Bleu_.png","width":5759,"height":1444,"caption":"Xn Qu\u00e9bec"},"image":{"@id":"https:\/\/www.xnquebec.co\/#\/schema\/logo\/image\/"},"sameAs":["https:\/\/www.facebook.com\/XnQuebec\/","https:\/\/x.com\/xnquebec","https:\/\/www.instagram.com\/xnquebec\/","https:\/\/www.linkedin.com\/company\/xnquebec\/"]}]}},"_links":{"self":[{"href":"https:\/\/www.xnquebec.co\/en\/wp-json\/wp\/v2\/pages\/2904","targetHints":{"allow":["GET"]}}],"collection":[{"href":"https:\/\/www.xnquebec.co\/en\/wp-json\/wp\/v2\/pages"}],"about":[{"href":"https:\/\/www.xnquebec.co\/en\/wp-json\/wp\/v2\/types\/page"}],"author":[{"embeddable":true,"href":"https:\/\/www.xnquebec.co\/en\/wp-json\/wp\/v2\/users\/1"}],"replies":[{"embeddable":true,"href":"https:\/\/www.xnquebec.co\/en\/wp-json\/wp\/v2\/comments?post=2904"}],"version-history":[{"count":4,"href":"https:\/\/www.xnquebec.co\/en\/wp-json\/wp\/v2\/pages\/2904\/revisions"}],"predecessor-version":[{"id":22171,"href":"https:\/\/www.xnquebec.co\/en\/wp-json\/wp\/v2\/pages\/2904\/revisions\/22171"}],"wp:attachment":[{"href":"https:\/\/www.xnquebec.co\/en\/wp-json\/wp\/v2\/media?parent=2904"}],"curies":[{"name":"wp","href":"https:\/\/api.w.org\/{rel}","templated":true}]}}